{"id":3283,"date":"2024-03-18T12:53:39","date_gmt":"2024-03-18T12:53:39","guid":{"rendered":"https:\/\/bazarsomoza.com\/politica-de-privacidade\/"},"modified":"2024-04-18T09:44:38","modified_gmt":"2024-04-18T09:44:38","slug":"politica-de-privacidade","status":"publish","type":"page","link":"https:\/\/bazarsomoza.com\/gl\/politica-de-privacidade\/","title":{"rendered":"Pol\u00edtica de Privacidade"},"content":{"rendered":"\n<p>\u00daltima actualizaci\u00f3n: 04\/08\/2024<\/p>\n\n<p>Bazar Somoza (&#8220;n\u00f3s&#8221;, &#8220;o noso&#8221; ou &#8220;n\u00f3s&#8221;) opera o sitio web Bazarsomoza.com (o &#8220;Servizo&#8221;).<\/p>\n\n<p>Esta p\u00e1xina inf\u00f3rmache das nosas pol\u00edticas relativas \u00e1 recollida, uso e divulgaci\u00f3n de datos persoais cando utilizas o noso Servizo e das opci\u00f3ns que asociaches a eses datos.<\/p>\n\n<p>Usamos os teus datos para proporcionar e mellorar o Servizo. Ao usar o Servizo, aceptas a recollida e o uso da informaci\u00f3n de acordo con esta pol\u00edtica. A menos que se defina o contrario nesta Pol\u00edtica de Privacidade, os termos utilizados nesta Pol\u00edtica de Privacidade te\u00f1en o mesmo significado que nos nosos Termos e Condici\u00f3ns, accesibles desde o sitio web de Bazar Somoza.<\/p>\n\n<p><strong>Recollida e uso da informaci\u00f3n<\/strong><\/p>\n\n<p>Recopilamos varios tipos diferentes de informaci\u00f3n para diversos fins para proporcionar e mellorar o noso Servizo.<\/p>\n\n<p><strong>Informaci\u00f3n persoal<\/strong><\/p>\n\n<p>Ao utilizar o noso Servizo, podemos pedirlle que nos proporcione certa informaci\u00f3n de identificaci\u00f3n persoal que se pode utilizar para contactar con vostede ou identificarlo (&#8220;Datos persoais&#8221;). A informaci\u00f3n de identificaci\u00f3n persoal que recompilamos pode inclu\u00edr, pero non limitarse a, o seu nome, enderezo de correo electr\u00f3nico, n\u00famero de tel\u00e9fono e enderezo.<\/p>\n\n<p><strong>Datos de uso<\/strong><\/p>\n\n<p>Tam\u00e9n podemos recoller informaci\u00f3n sobre como se accede ao Servizo e como se usa (&#8220;Datos de uso&#8221;). Estes datos de uso poden inclu\u00edr informaci\u00f3n como o enderezo do protocolo de Internet do seu ordenador (por exemplo, o enderezo IP), o tipo de navegador, a versi\u00f3n do navegador, as p\u00e1xinas do noso servizo que visita, a hora e a data da s\u00faa visita, o tempo que pasou nesas p\u00e1xinas, identificadores de dispositivos e outros datos de diagn\u00f3stico.<\/p>\n\n<p><strong>Uso de datos<\/strong><\/p>\n\n<p>Bazar Somoza utiliza os datos recollidos para diversos fins:<\/p>\n\n<ul class=\"wp-block-list\">\n<li>Para proporcionar e manter o noso Servizo<\/li>\n\n\n\n<li>Para notificarche os cambios no noso Servizo<\/li>\n\n\n\n<li>Para permitirche participar nas funci\u00f3ns interactivas do noso Servizo cando elixas facelo<\/li>\n\n\n\n<li>Para proporcionar soporte ao cliente<\/li>\n\n\n\n<li>Para recoller an\u00e1lises ou informaci\u00f3n valiosa para que poidamos mellorar o noso Servizo<\/li>\n\n\n\n<li>Para supervisar o uso do noso Servizo<\/li>\n\n\n\n<li>Detectar, previr e abordar problemas t\u00e9cnicos<\/li>\n<\/ul>\n\n<p><strong>Transferencia de datos<\/strong><\/p>\n\n<p>A s\u00faa informaci\u00f3n, inclu\u00eddos os datos persoais, pode transferirse e manterse en ordenadores situados f\u00f3ra do seu estado, provincia, pa\u00eds ou outra xurisdici\u00f3n gobernamental onde as leis de protecci\u00f3n de datos poidan diferir das da s\u00faa xurisdici\u00f3n.<\/p>\n\n<p>Se est\u00e1s f\u00f3ra de Espa\u00f1a e decides proporcionarnos informaci\u00f3n, ten en conta que transferimos os datos, inclu\u00eddos os datos persoais, a Espa\u00f1a e al\u00ed os procesamos.<\/p>\n\n<p>O teu consentimento a esta Pol\u00edtica de privacidade seguido do env\u00edo de tal informaci\u00f3n representa o teu acordo con tal transferencia.<\/p>\n\n<p>Bazar Somoza tomar\u00e1 todas as medidas razoablemente necesarias para garantir que os seus datos sexan tratados de forma segura e de acordo coa presente Pol\u00edtica de Privacidade e non se transferir\u00e1 ning\u00fan dos seus datos persoais a unha organizaci\u00f3n ou pa\u00eds a menos que existan controis adecuados, inclu\u00edda a seguridade dos seus datos. e outra informaci\u00f3n persoal.<\/p>\n\n<p><strong>Divulgaci\u00f3n de datos<\/strong><\/p>\n\n<p><strong>Requisitos legais<\/strong><\/p>\n\n<p>Bazar Somoza pode revelar os seus datos persoais de boa fe cando considere que esta acci\u00f3n \u00e9 necesaria para:<\/p>\n\n<ul class=\"wp-block-list\">\n<li>Cumprir cunha obriga legal<\/li>\n\n\n\n<li>Protexer e defender os dereitos ou a propiedade de Bazar Somoza<\/li>\n\n\n\n<li>Previr ou investigar posibles infracci\u00f3ns en relaci\u00f3n co Servizo<\/li>\n\n\n\n<li>Protexer a seguridade persoal dos usuarios do Servizo ou do p\u00fablico<\/li>\n\n\n\n<li>Prot\u00e9xase contra a responsabilidade legal<\/li>\n<\/ul>\n\n<p><strong>Seguridade dos datos<\/strong><\/p>\n\n<p>A seguridade dos teus datos \u00e9 importante para n\u00f3s, pero lembre que ning\u00fan m\u00e9todo de transmisi\u00f3n por Internet, ou m\u00e9todo de almacenamento electr\u00f3nico, \u00e9 100% seguro. A\u00ednda que nos esforzamos por utilizar medios comercialmente aceptables para protexer os seus datos persoais, non podemos garantir a s\u00faa seguridade absoluta.<\/p>\n\n<p><strong>Provedores de servizos<\/strong><\/p>\n\n<p>Podemos contratar a empresas e persoas de terceiros para facilitar o noso Servizo (&#8220;Provedores de servizos&#8221;), para prestar o Servizo no noso nome, para realizar servizos relacionados co Servizo ou para axudarnos a analizar como se utiliza o noso Servizo.<\/p>\n\n<p>Estes terceiros te\u00f1en acceso aos seus datos persoais s\u00f3 para realizar estas tarefas no noso nome e est\u00e1n obrigados a non divulgalos nin utilizalos para ning\u00fan outro prop\u00f3sito.<\/p>\n\n<p><strong>Ligaz\u00f3ns a outros sitios<\/strong><\/p>\n\n<p>O noso servizo pode conter ligaz\u00f3ns a outros sitios que non son operados por n\u00f3s. Se fai clic nunha ligaz\u00f3n de terceiros, dirixirase a ese sitio de terceiros. Recomendamos encarecidamente que revise a Pol\u00edtica de privacidade de cada sitio que visite.<\/p>\n\n<p>Non temos control e non asumimos ningunha responsabilidade sobre o contido, as pol\u00edticas de privacidade ou as pr\u00e1cticas de sitios ou servizos de terceiros.<\/p>\n\n<p><strong>Privacidade dos nenos<\/strong><\/p>\n\n<p>O noso servizo non est\u00e1 dirixido a persoas menores de 18 anos (&#8220;Nenos&#8221;).<\/p>\n\n<p>Non recompilamos conscientemente informaci\u00f3n de identificaci\u00f3n persoal de nenos menores de 18 anos. Se es pai ou titor e sabes que o teu fillo nos proporcionou datos persoais, ponte en contacto connosco. Se temos co\u00f1ecemento de que recompilamos datos persoais de nenos sen a verificaci\u00f3n do consentimento dos pais, tomamos medidas para eliminar esa informaci\u00f3n dos nosos servidores.<\/p>\n\n<p><strong>Cambios nesta pol\u00edtica de privacidade<\/strong><\/p>\n\n<p>Podemos actualizar a nosa Pol\u00edtica de privacidade de cando en vez. Notificar\u00e9mosche calquera cambio publicando a nova Pol\u00edtica de privacidade nesta p\u00e1xina.<\/p>\n\n<p>Notificar\u00e9mosche por correo electr\u00f3nico e\/ou mediante un aviso destacado no noso Servizo, antes de que o cambio se faga efectivo e actualizaremos a &#8220;data de \u00faltima actualizaci\u00f3n&#8221; na parte superior desta Pol\u00edtica de privacidade.<\/p>\n\n<p>Anim\u00e1mosche a revisar esta Pol\u00edtica de privacidade periodicamente para ver os cambios. Os cambios nesta Pol\u00edtica de privacidade son efectivos cando se publican nesta p\u00e1xina.<\/p>\n\n<p><strong>Contacta connosco<\/strong><\/p>\n\n<p>Se tes algunha d\u00fabida sobre esta Pol\u00edtica de privacidade, podes contactar connosco:<\/p>\n\n<ul class=\"wp-block-list\">\n<li>Por correo electr\u00f3nico: bazarsomoza@gmail.com<\/li>\n\n\n\n<li>Tel\u00e9fono: 982 531 153<\/li>\n\n\n\n<li>ou por correo ordinario: C\/ Diego Pazos, 15 &#8211; Baixo 27600 &#8211; Sarria (Lugo)<\/li>\n<\/ul>\n","protected":false},"excerpt":{"rendered":"<p>\u00daltima actualizaci\u00f3n: 04\/08\/2024 Bazar Somoza (&#8220;n\u00f3s&#8221;, &#8220;o noso&#8221; ou &#8220;n\u00f3s&#8221;) opera o sitio web Bazarsomoza.com (o &#8220;Servizo&#8221;). Esta p\u00e1xina inf\u00f3rmache das nosas pol\u00edticas relativas \u00e1 recollida, uso e divulgaci\u00f3n de datos persoais cando utilizas o noso Servizo e das opci\u00f3ns que asociaches a eses datos. Usamos os teus datos para proporcionar e mellorar o Servizo&#8230;.<\/p>\n","protected":false},"author":1,"featured_media":0,"parent":0,"menu_order":0,"comment_status":"closed","ping_status":"closed","template":"","meta":{"_kad_blocks_custom_css":"","_kad_blocks_head_custom_js":"","_kad_blocks_body_custom_js":"","_kad_blocks_footer_custom_js":"","_kadence_starter_templates_imported_post":false,"_kad_post_transparent":"","_kad_post_title":"","_kad_post_layout":"","_kad_post_sidebar_id":"","_kad_post_content_style":"","_kad_post_vertical_padding":"","_kad_post_feature":"","_kad_post_feature_position":"","_kad_post_header":false,"_kad_post_footer":false,"_joinchat":[],"footnotes":""},"class_list":["post-3283","page","type-page","status-publish","hentry"],"taxonomy_info":[],"featured_image_src_large":false,"author_info":{"display_name":"bazarsomoza","author_link":"https:\/\/bazarsomoza.com\/gl\/author\/bazarsomoza\/"},"comment_info":0,"_links":{"self":[{"href":"https:\/\/bazarsomoza.com\/gl\/wp-json\/wp\/v2\/pages\/3283","targetHints":{"allow":["GET"]}}],"collection":[{"href":"https:\/\/bazarsomoza.com\/gl\/wp-json\/wp\/v2\/pages"}],"about":[{"href":"https:\/\/bazarsomoza.com\/gl\/wp-json\/wp\/v2\/types\/page"}],"author":[{"embeddable":true,"href":"https:\/\/bazarsomoza.com\/gl\/wp-json\/wp\/v2\/users\/1"}],"replies":[{"embeddable":true,"href":"https:\/\/bazarsomoza.com\/gl\/wp-json\/wp\/v2\/comments?post=3283"}],"version-history":[{"count":3,"href":"https:\/\/bazarsomoza.com\/gl\/wp-json\/wp\/v2\/pages\/3283\/revisions"}],"predecessor-version":[{"id":3292,"href":"https:\/\/bazarsomoza.com\/gl\/wp-json\/wp\/v2\/pages\/3283\/revisions\/3292"}],"wp:attachment":[{"href":"https:\/\/bazarsomoza.com\/gl\/wp-json\/wp\/v2\/media?parent=3283"}],"curies":[{"name":"wp","href":"https:\/\/api.w.org\/{rel}","templated":true}]}}